{"id":26,"date":"2021-03-05T12:29:17","date_gmt":"2021-03-05T11:29:17","guid":{"rendered":"http:\/\/fer-inox.ovh\/?page_id=26"},"modified":"2021-03-07T15:27:57","modified_gmt":"2021-03-07T14:27:57","slug":"accueil","status":"publish","type":"page","link":"https:\/\/fer-inox.ovh\/","title":{"rendered":"Accueil"},"content":{"rendered":"\n<p><strong>Bienvenue sur Fer&amp;Nox\u00a0!<\/strong> <\/p>\n\n\n\n<p>Nous vous invitons \u00e0 naviguer \u00e0 travers toutes les rubriques de nos pages pour consulter nos diff\u00e9rentes r\u00e9alisations ainsi que notre histoire et notre savoir-faire dans les constructions m\u00e9talliques et la ferronnerie d&#8217;art.<\/p>\n\n\n\n<p>N&#8217;h\u00e9sitez pas \u00e0 consulter notre page &#8220;<a href=\"http:\/\/fer-inox.ovh\/index.php\/services\" data-type=\"URL\" data-id=\"fer-inox.ovh\/index.php\/services\">Services<\/a>&#8221; pour s&#8217;inspirer afin de compl\u00e9ter vos mod\u00e8les de projets de travaux, avant de nous contacter via les informations donn\u00e9es sur la page &#8220;<a href=\"http:\/\/fer-inox.ovh\/index.php\/contact\/\" data-type=\"page\" data-id=\"28\">Contact<\/a>&#8220;.<\/p>\n\n\n\n<p>Bonne visualisation !  <\/p>\n","protected":false},"excerpt":{"rendered":"<p>Bienvenue sur Fer&amp;Nox\u00a0! Nous vous invitons \u00e0 naviguer \u00e0 travers toutes les rubriques de nos pages pour consulter nos diff\u00e9rentes r\u00e9alisations ainsi que notre histoire et notre savoir-faire dans les constructions m\u00e9talliques et la ferronnerie d&#8217;art. N&#8217;h\u00e9sitez pas \u00e0 consulter notre page &#8220;Services&#8221; pour s&#8217;inspirer afin de compl\u00e9ter vos mod\u00e8les de projets de travaux, avant &hellip; <\/p>\n","protected":false},"author":1,"featured_media":0,"parent":0,"menu_order":0,"comment_status":"closed","ping_status":"closed","template":"","meta":[],"_links":{"self":[{"href":"https:\/\/fer-inox.ovh\/index.php\/wp-json\/wp\/v2\/pages\/26"}],"collection":[{"href":"https:\/\/fer-inox.ovh\/index.php\/wp-json\/wp\/v2\/pages"}],"about":[{"href":"https:\/\/fer-inox.ovh\/index.php\/wp-json\/wp\/v2\/types\/page"}],"author":[{"embeddable":true,"href":"https:\/\/fer-inox.ovh\/index.php\/wp-json\/wp\/v2\/users\/1"}],"replies":[{"embeddable":true,"href":"https:\/\/fer-inox.ovh\/index.php\/wp-json\/wp\/v2\/comments?post=26"}],"version-history":[{"count":3,"href":"https:\/\/fer-inox.ovh\/index.php\/wp-json\/wp\/v2\/pages\/26\/revisions"}],"predecessor-version":[{"id":119,"href":"https:\/\/fer-inox.ovh\/index.php\/wp-json\/wp\/v2\/pages\/26\/revisions\/119"}],"wp:attachment":[{"href":"https:\/\/fer-inox.ovh\/index.php\/wp-json\/wp\/v2\/media?parent=26"}],"curies":[{"name":"wp","href":"https:\/\/api.w.org\/{rel}","templated":true}]}}